{"id":11,"date":"2025-07-24T09:57:04","date_gmt":"2025-07-24T09:57:04","guid":{"rendered":"https:\/\/hydraulitukijalat.fi\/?page_id=11"},"modified":"2026-03-30T10:18:16","modified_gmt":"2026-03-30T10:18:16","slug":"home","status":"publish","type":"page","link":"https:\/\/hydraulitukijalat.fi\/","title":{"rendered":"Koti"},"content":{"rendered":"\t\t<div data-elementor-type=\"wp-page\" data-elementor-id=\"11\" class=\"elementor elementor-11\">\n\t\t\t\t<div class=\"elementor-element elementor-element-7a24323 e-con-full e-flex e-con e-parent\" data-id=\"7a24323\" data-element_type=\"container\" data-e-type=\"container\" data-settings=\"{&quot;background_background&quot;:&quot;classic&quot;}\">\n\t\t\t\t<div class=\"elementor-element elementor-element-b4d6808 elementor-widget__width-inherit elementor-widget elementor-widget-heading\" data-id=\"b4d6808\" data-element_type=\"widget\" data-e-type=\"widget\" data-widget_type=\"heading.default\">\n\t\t\t\t\t<h2 class=\"elementor-heading-title elementor-size-default\">Fiellberg Stabilizers<br>vakautta ja mukavuutta matkailuautoosi<\/h2>\t\t\t\t<\/div>\n\t\t\t\t<\/div>\n\t\t<div class=\"elementor-element elementor-element-4c1d1a3 e-con-full e-flex e-con e-parent\" data-id=\"4c1d1a3\" data-element_type=\"container\" data-e-type=\"container\">\n\t\t\t\t<div class=\"elementor-element elementor-element-367b370 elementor-widget elementor-widget-heading\" data-id=\"367b370\" data-element_type=\"widget\" data-e-type=\"widget\" data-widget_type=\"heading.default\">\n\t\t\t\t\t<h1 class=\"elementor-heading-title elementor-size-default\">Suomalaiset hydrauliset tukijalat automaattisella vaaituksella<\/h1>\t\t\t\t<\/div>\n\t\t\t\t<\/div>\n\t\t<div class=\"elementor-element elementor-element-aee4263 e-con-full e-flex e-con e-parent\" data-id=\"aee4263\" data-element_type=\"container\" data-e-type=\"container\">\n\t\t<div class=\"elementor-element elementor-element-b84ef71 e-con-full e-flex e-con e-child\" data-id=\"b84ef71\" data-element_type=\"container\" data-e-type=\"container\">\n\t\t\t\t<div class=\"elementor-element elementor-element-f572e9b elementor-widget elementor-widget-text-editor\" data-id=\"f572e9b\" data-element_type=\"widget\" data-e-type=\"widget\" data-widget_type=\"text-editor.default\">\n\t\t\t\t\t\t\t\t\t<p>Fiellberg Stabilizers on t\u00e4ysin automaattinen kaukos\u00e4\u00e4timell\u00e4 ohjattava hydraulinen tukijalkaj\u00e4rjestelm\u00e4 matkailuautoihin.<\/p><p>Suomalaisen, laadukkaan Fiellberg Stabilizers hydraulisen tukijalkaj\u00e4rjestelm\u00e4n avulla tasaat helposti ja nopeasti matkailuautosi tukevasti haluttuun asentoon.<\/p><p>Fiellberg Stabilizers hydraulisten tukijalkojen ansiosta auto seisoo tukevasti, eik\u00e4 se heilu auton jousien varasssa sis\u00e4ll\u00e4 liikkuessa.\u00a0 Vakaassa autossa on miellytt\u00e4v\u00e4mpi olla.<\/p><p>Vakiovarusteena kuuluvalla auton punnitustoiminnolla voit punnita matkailuautosi ja varmistaa helposti turvallisen matkaan l\u00e4hd\u00f6n.<\/p><p>Teknisesti kehittyneess\u00e4 Fiellberg Stabilizers hydraulisessa tukijalkaj\u00e4rjestelm\u00e4ss\u00e4 on jokaisella hydraulisella tukijalalla oma pumppuj\u00e4rjestelm\u00e4, joka asennetaan l\u00e4helle hydraulijalkaa.\u00a0<\/p><p>Matkailuauton mahdollisesti vaihtuessa on Fiellberg Stabilizers hydraulinen tukijalkaj\u00e4rjestelm\u00e4 on helppo irroittaa ja asentaa uuteen autoon.<\/p>\t\t\t\t\t\t\t\t<\/div>\n\t\t\t\t<\/div>\n\t\t<div class=\"elementor-element elementor-element-0deff23 e-con-full e-flex e-con e-child\" data-id=\"0deff23\" data-element_type=\"container\" data-e-type=\"container\">\n\t\t\t\t<div class=\"elementor-element elementor-element-6fed003 elementor-widget elementor-widget-image\" data-id=\"6fed003\" data-element_type=\"widget\" data-e-type=\"widget\" data-widget_type=\"image.default\">\n\t\t\t\t\t\t\t\t\t\t\t\t\t\t\t<img fetchpriority=\"high\" decoding=\"async\" width=\"900\" height=\"900\" src=\"https:\/\/hydraulitukijalat.fi\/wp-content\/uploads\/2026\/03\/kake-pumput-ja-sylkyt-nettisivut.jpg\" class=\"attachment-large size-large wp-image-1577\" alt=\"\" srcset=\"https:\/\/hydraulitukijalat.fi\/wp-content\/uploads\/2026\/03\/kake-pumput-ja-sylkyt-nettisivut.jpg 900w, https:\/\/hydraulitukijalat.fi\/wp-content\/uploads\/2026\/03\/kake-pumput-ja-sylkyt-nettisivut-300x300.jpg 300w, https:\/\/hydraulitukijalat.fi\/wp-content\/uploads\/2026\/03\/kake-pumput-ja-sylkyt-nettisivut-150x150.jpg 150w, https:\/\/hydraulitukijalat.fi\/wp-content\/uploads\/2026\/03\/kake-pumput-ja-sylkyt-nettisivut-768x768.jpg 768w\" sizes=\"(max-width: 900px) 100vw, 900px\" \/>\t\t\t\t\t\t\t\t\t\t\t\t\t\t\t<\/div>\n\t\t\t\t<\/div>\n\t\t\t\t<\/div>\n\t\t<div class=\"elementor-element elementor-element-ae74acf e-flex e-con-boxed e-con e-parent\" data-id=\"ae74acf\" data-element_type=\"container\" data-e-type=\"container\">\n\t\t\t\t\t<div class=\"e-con-inner\">\n\t\t\t\t<div class=\"elementor-element elementor-element-1a76a2d elementor-widget elementor-widget-heading\" data-id=\"1a76a2d\" data-element_type=\"widget\" data-e-type=\"widget\" data-widget_type=\"heading.default\">\n\t\t\t\t\t<h2 class=\"elementor-heading-title elementor-size-default\">\"Karavaanarilta karavaanarille\"<\/h2>\t\t\t\t<\/div>\n\t\t\t\t\t<\/div>\n\t\t\t\t<\/div>\n\t\t<div class=\"elementor-element elementor-element-ea17233 e-con-full e-flex e-con e-parent\" data-id=\"ea17233\" data-element_type=\"container\" data-e-type=\"container\">\n\t\t\t\t<div class=\"elementor-element elementor-element-cee79b8 elementor-widget elementor-widget-image\" data-id=\"cee79b8\" data-element_type=\"widget\" data-e-type=\"widget\" data-widget_type=\"image.default\">\n\t\t\t\t\t\t\t\t\t\t\t\t\t\t\t<img decoding=\"async\" width=\"1200\" height=\"700\" src=\"https:\/\/hydraulitukijalat.fi\/wp-content\/uploads\/2026\/01\/1200x700-matti-etuviisto.jpg\" class=\"attachment-full size-full wp-image-1525\" alt=\"\" srcset=\"https:\/\/hydraulitukijalat.fi\/wp-content\/uploads\/2026\/01\/1200x700-matti-etuviisto.jpg 1200w, https:\/\/hydraulitukijalat.fi\/wp-content\/uploads\/2026\/01\/1200x700-matti-etuviisto-300x175.jpg 300w, https:\/\/hydraulitukijalat.fi\/wp-content\/uploads\/2026\/01\/1200x700-matti-etuviisto-1024x597.jpg 1024w, https:\/\/hydraulitukijalat.fi\/wp-content\/uploads\/2026\/01\/1200x700-matti-etuviisto-768x448.jpg 768w\" sizes=\"(max-width: 1200px) 100vw, 1200px\" \/>\t\t\t\t\t\t\t\t\t\t\t\t\t\t\t<\/div>\n\t\t\t\t<\/div>\n\t\t<div class=\"elementor-element elementor-element-a56b0e8 e-flex e-con-boxed e-con e-parent\" data-id=\"a56b0e8\" data-element_type=\"container\" data-e-type=\"container\">\n\t\t\t\t\t<div class=\"e-con-inner\">\n\t\t\t\t<div class=\"elementor-element elementor-element-02b4cf9 elementor-widget elementor-widget-text-editor\" data-id=\"02b4cf9\" data-element_type=\"widget\" data-e-type=\"widget\" data-widget_type=\"text-editor.default\">\n\t\t\t\t\t\t\t\t\t<p>Fiellberg Stabilizers hydrauliset tukijalat ovat todelliset &#8220;karavaanarilta karavaanarille&#8221; tuotteet, niin tuotekehityksen kuin hinnankin osalta.<\/p><p>Oma useiden vuosien kokemus matkailuautoilusta ja erilaisten hydraulitukij\u00e4rjestelmien k\u00e4yt\u00f6st\u00e4 innoitti meid\u00e4t kehitt\u00e4m\u00e4\u00e4n Fiellberg Stabilizers hydraulitukijalat.\u00a0<\/p><p>Omien kokemusten my\u00f6t\u00e4 olemme poimineet ja tuoneet mielest\u00e4mme parhaat ominaisuudet ja toiminnot Fiellberg Stabilizers hydraulitukijalkoihin.<\/p><p>Haluamme hinnoitella Fiellberg Stabilizers hydrauliset tukijalat niin j\u00e4rkev\u00e4\u00e4n hintaan, ett\u00e4 mahdollisimman monella on mahdollisuus hankkia ne.<\/p><p>Korkea laatu on meille \u00e4\u00e4rimm\u00e4isen t\u00e4rke\u00e4\u00e4. Kokemuksesta tied\u00e4mme, ett\u00e4 kukaan ei halua matkan keskeytyv\u00e4n tai muuttuvan korjaamolla odottelemiseksi matkailuautoon tulleen vian vuoksi.\u00a0 Laadun takaa vuosikymmenten kokemus hydraulisylinterien suunnittelusta ja valmistuksesta.\u00a0<\/p><p>Varmistaaksemme lupaamamme korkean laadun, valmistamme Fiellberg Stabilizers hydrauliset tukijalat Suomessa, Fiellbergin omalla tuotantolinjalla ja my\u00f6s asennus toteutetaan omien asentajiemme toimesta.\u00a0<\/p><p>Valitsemalla Fiellberg Stabilizers hydrauliset tukijalat, tuet samalla suomalaista ty\u00f6t\u00e4!<\/p>\t\t\t\t\t\t\t\t<\/div>\n\t\t\t\t\t<\/div>\n\t\t\t\t<\/div>\n\t\t<div class=\"elementor-element elementor-element-70c44fd e-con-full e-flex e-con e-parent\" data-id=\"70c44fd\" data-element_type=\"container\" data-e-type=\"container\">\n\t\t\t\t<div class=\"elementor-element elementor-element-e8edf8c elementor-widget elementor-widget-spacer\" data-id=\"e8edf8c\" data-element_type=\"widget\" data-e-type=\"widget\" data-widget_type=\"spacer.default\">\n\t\t\t\t\t\t\t<div class=\"elementor-spacer\">\n\t\t\t<div class=\"elementor-spacer-inner\"><\/div>\n\t\t<\/div>\n\t\t\t\t\t\t<\/div>\n\t\t\t\t<\/div>\n\t\t<div class=\"elementor-element elementor-element-5873bbb e-flex e-con-boxed e-con e-parent\" data-id=\"5873bbb\" data-element_type=\"container\" data-e-type=\"container\">\n\t\t\t\t\t<div class=\"e-con-inner\">\n\t\t\t\t<div class=\"elementor-element elementor-element-48a1172 elementor-widget elementor-widget-heading\" data-id=\"48a1172\" data-element_type=\"widget\" data-e-type=\"widget\" data-widget_type=\"heading.default\">\n\t\t\t\t\t<h2 class=\"elementor-heading-title elementor-size-default\">Huippuosaaminen ja uusin teknologia<\/h2>\t\t\t\t<\/div>\n\t\t\t\t\t<\/div>\n\t\t\t\t<\/div>\n\t\t<div class=\"elementor-element elementor-element-7f9f17e e-con-full e-flex e-con e-parent\" data-id=\"7f9f17e\" data-element_type=\"container\" data-e-type=\"container\">\n\t\t<div class=\"elementor-element elementor-element-634e264 e-con-full e-flex e-con e-child\" data-id=\"634e264\" data-element_type=\"container\" data-e-type=\"container\">\n\t\t\t\t<div class=\"elementor-element elementor-element-0369d06 elementor-widget elementor-widget-text-editor\" data-id=\"0369d06\" data-element_type=\"widget\" data-e-type=\"widget\" data-widget_type=\"text-editor.default\">\n\t\t\t\t\t\t\t\t\t<p>Fiellberg Stabilizers -tukijalkojen suunnittelusta vastaavat Fiellbergin omat huippuinsin\u00f6\u00f6rit, joilla on vuosikymmenten kokemus vaativien erikoishydraulisylinterien suunnittelusta ja valmistuksesta.\u00a0<\/p><p>Suunnittelun apuna k\u00e4yt\u00e4mme alan uusinta teknologiaa \u2013 kuten tarkkaa 3D-skannauslaitetta, jonka avulla mallinnamme ja mittaamme ajoneuvokohtaisesti autojen alustat. T\u00e4ll\u00e4 varmistamme jo suunniteluvaiheessa hydraulitukijalkojen kiinnitysten t\u00e4ydellisen istuvuuden, sek\u00e4 suorituskyvyn.<\/p><p>Oma suunnittelu, valmistus, testaus, sek\u00e4 asennus takaavat Fiellberg Stabilizers hydraulisten tukijalkojen korkean laadun, sek\u00e4 j\u00e4rkev\u00e4n hinnan.<\/p><p>Fiellberg Stabilizers hydrauliset tukijalat ovat suomalaisen korkeatasoisen insin\u00f6\u00f6riosaamisen, sek\u00e4 valmistuksen taidonn\u00e4yte.<\/p>\t\t\t\t\t\t\t\t<\/div>\n\t\t\t\t<\/div>\n\t\t<div class=\"elementor-element elementor-element-1fb4080 e-con-full e-flex e-con e-child\" data-id=\"1fb4080\" data-element_type=\"container\" data-e-type=\"container\">\n\t\t\t\t<div class=\"elementor-element elementor-element-1619073 elementor-widget elementor-widget-image\" data-id=\"1619073\" data-element_type=\"widget\" data-e-type=\"widget\" data-widget_type=\"image.default\">\n\t\t\t\t\t\t\t\t\t\t\t\t\t\t\t<img decoding=\"async\" width=\"768\" height=\"961\" src=\"https:\/\/hydraulitukijalat.fi\/wp-content\/uploads\/2025\/11\/Fiellberg-Stabilizers-3D-skannaus-nettisivu-768x961.jpg\" class=\"attachment-medium_large size-medium_large wp-image-1357\" alt=\"\" srcset=\"https:\/\/hydraulitukijalat.fi\/wp-content\/uploads\/2025\/11\/Fiellberg-Stabilizers-3D-skannaus-nettisivu-768x961.jpg 768w, https:\/\/hydraulitukijalat.fi\/wp-content\/uploads\/2025\/11\/Fiellberg-Stabilizers-3D-skannaus-nettisivu-240x300.jpg 240w, https:\/\/hydraulitukijalat.fi\/wp-content\/uploads\/2025\/11\/Fiellberg-Stabilizers-3D-skannaus-nettisivu-818x1024.jpg 818w, https:\/\/hydraulitukijalat.fi\/wp-content\/uploads\/2025\/11\/Fiellberg-Stabilizers-3D-skannaus-nettisivu.jpg 884w\" sizes=\"(max-width: 768px) 100vw, 768px\" \/>\t\t\t\t\t\t\t\t\t\t\t\t\t\t\t<\/div>\n\t\t\t\t<\/div>\n\t\t\t\t<\/div>\n\t\t\t\t<\/div>\n\t\t","protected":false},"excerpt":{"rendered":"<p>Fiellberg Stabilizersvakautta ja mukavuutta matkailuautoosi Suomalaiset hydrauliset tukijalat automaattisella vaaituksella Fiellberg Stabilizers on t\u00e4ysin automaattinen kaukos\u00e4\u00e4timell\u00e4 ohjattava hydraulinen tukijalkaj\u00e4rjestelm\u00e4 matkailuautoihin. Suomalaisen, laadukkaan Fiellberg Stabilizers hydraulisen tukijalkaj\u00e4rjestelm\u00e4n avulla tasaat helposti ja nopeasti matkailuautosi tukevasti haluttuun asentoon. Fiellberg Stabilizers hydraulisten tukijalkojen ansiosta auto seisoo tukevasti, eik\u00e4 se heilu auton jousien varasssa sis\u00e4ll\u00e4 liikkuessa.\u00a0 Vakaassa autossa on miellytt\u00e4v\u00e4mpi [&hellip;]<\/p>\n","protected":false},"author":1,"featured_media":0,"parent":0,"menu_order":0,"comment_status":"closed","ping_status":"closed","template":"","meta":{"iawp_total_views":3482,"footnotes":""},"class_list":["post-11","page","type-page","status-publish","hentry"],"blocksy_meta":[],"_links":{"self":[{"href":"https:\/\/hydraulitukijalat.fi\/index.php\/wp-json\/wp\/v2\/pages\/11","targetHints":{"allow":["GET"]}}],"collection":[{"href":"https:\/\/hydraulitukijalat.fi\/index.php\/wp-json\/wp\/v2\/pages"}],"about":[{"href":"https:\/\/hydraulitukijalat.fi\/index.php\/wp-json\/wp\/v2\/types\/page"}],"author":[{"embeddable":true,"href":"https:\/\/hydraulitukijalat.fi\/index.php\/wp-json\/wp\/v2\/users\/1"}],"replies":[{"embeddable":true,"href":"https:\/\/hydraulitukijalat.fi\/index.php\/wp-json\/wp\/v2\/comments?post=11"}],"version-history":[{"count":90,"href":"https:\/\/hydraulitukijalat.fi\/index.php\/wp-json\/wp\/v2\/pages\/11\/revisions"}],"predecessor-version":[{"id":1580,"href":"https:\/\/hydraulitukijalat.fi\/index.php\/wp-json\/wp\/v2\/pages\/11\/revisions\/1580"}],"wp:attachment":[{"href":"https:\/\/hydraulitukijalat.fi\/index.php\/wp-json\/wp\/v2\/media?parent=11"}],"curies":[{"name":"wp","href":"https:\/\/api.w.org\/{rel}","templated":true}]}}