{"id":1592,"date":"2026-04-24T08:59:20","date_gmt":"2026-04-24T08:59:20","guid":{"rendered":"https:\/\/hydraulitukijalat.fi\/?page_id=1592"},"modified":"2026-04-24T12:12:28","modified_gmt":"2026-04-24T12:12:28","slug":"matkailuajoneuvo-varusteet","status":"publish","type":"page","link":"https:\/\/hydraulitukijalat.fi\/index.php\/matkailuajoneuvo-varusteet\/","title":{"rendered":"MATKAILUAJONEUVOJEN VARUSTEET"},"content":{"rendered":"\t\t<div data-elementor-type=\"wp-page\" data-elementor-id=\"1592\" class=\"elementor elementor-1592\">\n\t\t\t\t<div class=\"elementor-element elementor-element-c2c29d5 e-flex e-con-boxed e-con e-parent\" data-id=\"c2c29d5\" data-element_type=\"container\" data-e-type=\"container\" data-settings=\"{&quot;background_background&quot;:&quot;classic&quot;}\">\n\t\t\t\t\t<div class=\"e-con-inner\">\n\t\t\t\t<div class=\"elementor-element elementor-element-0263b4f elementor-widget elementor-widget-heading\" data-id=\"0263b4f\" data-element_type=\"widget\" data-e-type=\"widget\" data-widget_type=\"heading.default\">\n\t\t\t\t\t<h2 class=\"elementor-heading-title elementor-size-default\">Matkailuajoneuvojen muut varusteet ja palvelut<\/h2>\t\t\t\t<\/div>\n\t\t\t\t\t<\/div>\n\t\t\t\t<\/div>\n\t\t<div class=\"elementor-element elementor-element-6a6ea44 e-flex e-con-boxed e-con e-parent\" data-id=\"6a6ea44\" data-element_type=\"container\" data-e-type=\"container\">\n\t\t\t\t\t<div class=\"e-con-inner\">\n\t\t\t\t<div class=\"elementor-element elementor-element-135d455 elementor-widget elementor-widget-spacer\" data-id=\"135d455\" data-element_type=\"widget\" data-e-type=\"widget\" data-widget_type=\"spacer.default\">\n\t\t\t\t\t\t\t<div class=\"elementor-spacer\">\n\t\t\t<div class=\"elementor-spacer-inner\"><\/div>\n\t\t<\/div>\n\t\t\t\t\t\t<\/div>\n\t\t\t\t\t<\/div>\n\t\t\t\t<\/div>\n\t\t<div class=\"elementor-element elementor-element-7ae4742 e-flex e-con-boxed e-con e-parent\" data-id=\"7ae4742\" data-element_type=\"container\" data-e-type=\"container\">\n\t\t\t\t\t<div class=\"e-con-inner\">\n\t\t\t\t<div class=\"elementor-element elementor-element-748731e elementor-widget elementor-widget-text-editor\" data-id=\"748731e\" data-element_type=\"widget\" data-e-type=\"widget\" data-widget_type=\"text-editor.default\">\n\t\t\t\t\t\t\t\t\t<p>Hydraulitukijalkojen lis\u00e4ksi saat meilt\u00e4 asennettuna my\u00f6s matkailuajoneuvojen muut lis\u00e4varusteet. Kokeneet ammattilaisemme asentavat markiisit, peruutuskamerat, multimediasoittimet, ilmastointilaitteet, vesi-, s\u00e4hk\u00f6-, sek\u00e4 kaasuj\u00e4rjestelm\u00e4t. Muistathan ett\u00e4 vuosittainen kaasuj\u00e4rjestelm\u00e4n koeponnistusmittaus takaa turvallisen matkustamisen.<\/p><p>Asentamalla matkailuajoneuvoosi aurinkopaneelit ja LifePo4 litiumakut matkustat huolettomasti omavaraisesti ilman huolta verkkovirran saatavuudesta. Viel\u00e4 kun s\u00e4hk\u00f6j\u00e4rjestelm\u00e4\u00e4n lis\u00e4t\u00e4\u00e4n tehokas invertteri, sujuu kahvinkeitt\u00e4minen, hiusten kuivaus ja et\u00e4ty\u00f6skentely vaikka syv\u00e4ll\u00e4 keskell\u00e4 er\u00e4maata.<\/p><p>Hyv\u00e4 \u00e4\u00e4nentoisto ja \u00e4\u00e4nieristys takaavat miellytt\u00e4v\u00e4n musiikkiel\u00e4myksen ja matkanteon. Edustamme ja asennamme Autostudion huippulaadukkaita, erityisesti matkailuautoihin suunniteltuja \u00e4\u00e4nentoistolaitteita, sek\u00e4 \u00e4\u00e4nieristysmateriaaleja.<\/p>\t\t\t\t\t\t\t\t<\/div>\n\t\t\t\t\t<\/div>\n\t\t\t\t<\/div>\n\t\t<div class=\"elementor-element elementor-element-fa86c2f e-flex e-con-boxed e-con e-parent\" data-id=\"fa86c2f\" data-element_type=\"container\" data-e-type=\"container\">\n\t\t\t\t\t<div class=\"e-con-inner\">\n\t\t\t\t<div class=\"elementor-element elementor-element-a6796af elementor-widget elementor-widget-heading\" data-id=\"a6796af\" data-element_type=\"widget\" data-e-type=\"widget\" data-widget_type=\"heading.default\">\n\t\t\t\t\t<h2 class=\"elementor-heading-title elementor-size-default\">Myynti ja lis\u00e4tiedot<\/h2>\t\t\t\t<\/div>\n\t\t\t\t<div class=\"elementor-element elementor-element-2d7dae1 elementor-widget elementor-widget-heading\" data-id=\"2d7dae1\" data-element_type=\"widget\" data-e-type=\"widget\" data-widget_type=\"heading.default\">\n\t\t\t\t\t<h2 class=\"elementor-heading-title elementor-size-default\">Raul Fall +358 44 971 9719<\/h2>\t\t\t\t<\/div>\n\t\t\t\t<div class=\"elementor-element elementor-element-33c448d elementor-widget elementor-widget-heading\" data-id=\"33c448d\" data-element_type=\"widget\" data-e-type=\"widget\" data-widget_type=\"heading.default\">\n\t\t\t\t\t<h2 class=\"elementor-heading-title elementor-size-default\">raul@fiellberg.fi<\/h2>\t\t\t\t<\/div>\n\t\t\t\t\t<\/div>\n\t\t\t\t<\/div>\n\t\t<div class=\"elementor-element elementor-element-ed41027 e-flex e-con-boxed e-con e-parent\" data-id=\"ed41027\" data-element_type=\"container\" data-e-type=\"container\">\n\t\t\t\t\t<div class=\"e-con-inner\">\n\t\t\t\t<div class=\"elementor-element elementor-element-f2bd601 elementor-widget elementor-widget-heading\" data-id=\"f2bd601\" data-element_type=\"widget\" data-e-type=\"widget\" data-widget_type=\"heading.default\">\n\t\t\t\t\t<h2 class=\"elementor-heading-title elementor-size-default\">Edustamme muun muassa seuraavia tunnettuja tuotemerkkej\u00e4<\/h2>\t\t\t\t<\/div>\n\t\t\t\t\t<\/div>\n\t\t\t\t<\/div>\n\t\t<div class=\"elementor-element elementor-element-5eb7940 e-flex e-con-boxed e-con e-parent\" data-id=\"5eb7940\" data-element_type=\"container\" data-e-type=\"container\">\n\t\t\t\t\t<div class=\"e-con-inner\">\n\t\t<div class=\"elementor-element elementor-element-28f27f9 e-con-full e-flex e-con e-child\" data-id=\"28f27f9\" data-element_type=\"container\" data-e-type=\"container\">\n\t\t\t\t<div class=\"elementor-element elementor-element-bcc9e3c elementor-widget elementor-widget-image\" data-id=\"bcc9e3c\" data-element_type=\"widget\" data-e-type=\"widget\" data-widget_type=\"image.default\">\n\t\t\t\t\t\t\t\t\t\t\t\t\t\t\t<img fetchpriority=\"high\" decoding=\"async\" width=\"302\" height=\"167\" src=\"https:\/\/hydraulitukijalat.fi\/wp-content\/uploads\/2026\/04\/NDS-Dometic.png\" class=\"attachment-large size-large wp-image-1611\" alt=\"\" srcset=\"https:\/\/hydraulitukijalat.fi\/wp-content\/uploads\/2026\/04\/NDS-Dometic.png 302w, https:\/\/hydraulitukijalat.fi\/wp-content\/uploads\/2026\/04\/NDS-Dometic-300x166.png 300w\" sizes=\"(max-width: 302px) 100vw, 302px\" \/>\t\t\t\t\t\t\t\t\t\t\t\t\t\t\t<\/div>\n\t\t\t\t<\/div>\n\t\t<div class=\"elementor-element elementor-element-1fd78ca e-con-full e-flex e-con e-child\" data-id=\"1fd78ca\" data-element_type=\"container\" data-e-type=\"container\">\n\t\t\t\t<div class=\"elementor-element elementor-element-50cd508 elementor-widget elementor-widget-image\" data-id=\"50cd508\" data-element_type=\"widget\" data-e-type=\"widget\" data-widget_type=\"image.default\">\n\t\t\t\t\t\t\t\t\t\t\t\t\t\t\t<img decoding=\"async\" width=\"266\" height=\"148\" src=\"https:\/\/hydraulitukijalat.fi\/wp-content\/uploads\/2026\/04\/Dometic.png\" class=\"attachment-large size-large wp-image-1610\" alt=\"\" \/>\t\t\t\t\t\t\t\t\t\t\t\t\t\t\t<\/div>\n\t\t\t\t<\/div>\n\t\t<div class=\"elementor-element elementor-element-78be02f e-con-full e-flex e-con e-child\" data-id=\"78be02f\" data-element_type=\"container\" data-e-type=\"container\">\n\t\t\t\t<div class=\"elementor-element elementor-element-3e8267b elementor-widget elementor-widget-image\" data-id=\"3e8267b\" data-element_type=\"widget\" data-e-type=\"widget\" data-widget_type=\"image.default\">\n\t\t\t\t\t\t\t\t\t\t\t\t\t\t\t<img decoding=\"async\" width=\"225\" height=\"130\" src=\"https:\/\/hydraulitukijalat.fi\/wp-content\/uploads\/2026\/04\/Alde.jpeg\" class=\"attachment-large size-large wp-image-1609\" alt=\"\" \/>\t\t\t\t\t\t\t\t\t\t\t\t\t\t\t<\/div>\n\t\t\t\t<\/div>\n\t\t<div class=\"elementor-element elementor-element-edcf111 e-con-full e-flex e-con e-child\" data-id=\"edcf111\" data-element_type=\"container\" data-e-type=\"container\">\n\t\t\t\t<div class=\"elementor-element elementor-element-df40534 elementor-widget elementor-widget-image\" data-id=\"df40534\" data-element_type=\"widget\" data-e-type=\"widget\" data-widget_type=\"image.default\">\n\t\t\t\t\t\t\t\t\t\t\t\t\t\t\t<img loading=\"lazy\" decoding=\"async\" width=\"412\" height=\"122\" src=\"https:\/\/hydraulitukijalat.fi\/wp-content\/uploads\/2026\/04\/Truma.png\" class=\"attachment-large size-large wp-image-1617\" alt=\"\" srcset=\"https:\/\/hydraulitukijalat.fi\/wp-content\/uploads\/2026\/04\/Truma.png 412w, https:\/\/hydraulitukijalat.fi\/wp-content\/uploads\/2026\/04\/Truma-300x89.png 300w\" sizes=\"(max-width: 412px) 100vw, 412px\" \/>\t\t\t\t\t\t\t\t\t\t\t\t\t\t\t<\/div>\n\t\t\t\t<\/div>\n\t\t\t\t\t<\/div>\n\t\t\t\t<\/div>\n\t\t<div class=\"elementor-element elementor-element-4aaafe4 e-flex e-con-boxed e-con e-parent\" data-id=\"4aaafe4\" data-element_type=\"container\" data-e-type=\"container\">\n\t\t\t\t\t<div class=\"e-con-inner\">\n\t\t<div class=\"elementor-element elementor-element-38f208b e-con-full e-flex e-con e-child\" data-id=\"38f208b\" data-element_type=\"container\" data-e-type=\"container\">\n\t\t\t\t<div class=\"elementor-element elementor-element-e45207f elementor-widget elementor-widget-image\" data-id=\"e45207f\" data-element_type=\"widget\" data-e-type=\"widget\" data-widget_type=\"image.default\">\n\t\t\t\t\t\t\t\t\t\t\t\t\t\t\t<img loading=\"lazy\" decoding=\"async\" width=\"267\" height=\"147\" src=\"https:\/\/hydraulitukijalat.fi\/wp-content\/uploads\/2026\/04\/AJAX.jpeg\" class=\"attachment-large size-large wp-image-1608\" alt=\"\" \/>\t\t\t\t\t\t\t\t\t\t\t\t\t\t\t<\/div>\n\t\t\t\t<\/div>\n\t\t<div class=\"elementor-element elementor-element-a99bbe0 e-con-full e-flex e-con e-child\" data-id=\"a99bbe0\" data-element_type=\"container\" data-e-type=\"container\">\n\t\t\t\t<div class=\"elementor-element elementor-element-31cb08d elementor-widget elementor-widget-image\" data-id=\"31cb08d\" data-element_type=\"widget\" data-e-type=\"widget\" data-widget_type=\"image.default\">\n\t\t\t\t\t\t\t\t\t\t\t\t\t\t\t<img loading=\"lazy\" decoding=\"async\" width=\"374\" height=\"78\" src=\"https:\/\/hydraulitukijalat.fi\/wp-content\/uploads\/2026\/04\/zenec-logo_374x78.jpg\" class=\"attachment-large size-large wp-image-1607\" alt=\"\" srcset=\"https:\/\/hydraulitukijalat.fi\/wp-content\/uploads\/2026\/04\/zenec-logo_374x78.jpg 374w, https:\/\/hydraulitukijalat.fi\/wp-content\/uploads\/2026\/04\/zenec-logo_374x78-300x63.jpg 300w\" sizes=\"(max-width: 374px) 100vw, 374px\" \/>\t\t\t\t\t\t\t\t\t\t\t\t\t\t\t<\/div>\n\t\t\t\t<\/div>\n\t\t<div class=\"elementor-element elementor-element-3e95cb6 e-con-full e-flex e-con e-child\" data-id=\"3e95cb6\" data-element_type=\"container\" data-e-type=\"container\">\n\t\t\t\t<div class=\"elementor-element elementor-element-fdcbfc1 elementor-widget elementor-widget-image\" data-id=\"fdcbfc1\" data-element_type=\"widget\" data-e-type=\"widget\" data-widget_type=\"image.default\">\n\t\t\t\t\t\t\t\t\t\t\t\t\t\t\t<img loading=\"lazy\" decoding=\"async\" width=\"461\" height=\"109\" src=\"https:\/\/hydraulitukijalat.fi\/wp-content\/uploads\/2026\/04\/Comet.png\" class=\"attachment-large size-large wp-image-1612\" alt=\"\" srcset=\"https:\/\/hydraulitukijalat.fi\/wp-content\/uploads\/2026\/04\/Comet.png 461w, https:\/\/hydraulitukijalat.fi\/wp-content\/uploads\/2026\/04\/Comet-300x71.png 300w\" sizes=\"(max-width: 461px) 100vw, 461px\" \/>\t\t\t\t\t\t\t\t\t\t\t\t\t\t\t<\/div>\n\t\t\t\t<\/div>\n\t\t<div class=\"elementor-element elementor-element-90a7d25 e-con-full e-flex e-con e-child\" data-id=\"90a7d25\" data-element_type=\"container\" data-e-type=\"container\">\n\t\t\t\t<div class=\"elementor-element elementor-element-844053e elementor-widget elementor-widget-image\" data-id=\"844053e\" data-element_type=\"widget\" data-e-type=\"widget\" data-widget_type=\"image.default\">\n\t\t\t\t\t\t\t\t\t\t\t\t\t\t\t<img loading=\"lazy\" decoding=\"async\" width=\"420\" height=\"120\" src=\"https:\/\/hydraulitukijalat.fi\/wp-content\/uploads\/2026\/04\/Thetford.png\" class=\"attachment-large size-large wp-image-1615\" alt=\"\" srcset=\"https:\/\/hydraulitukijalat.fi\/wp-content\/uploads\/2026\/04\/Thetford.png 420w, https:\/\/hydraulitukijalat.fi\/wp-content\/uploads\/2026\/04\/Thetford-300x86.png 300w\" sizes=\"(max-width: 420px) 100vw, 420px\" \/>\t\t\t\t\t\t\t\t\t\t\t\t\t\t\t<\/div>\n\t\t\t\t<\/div>\n\t\t\t\t\t<\/div>\n\t\t\t\t<\/div>\n\t\t<div class=\"elementor-element elementor-element-5605779 e-flex e-con-boxed e-con e-parent\" data-id=\"5605779\" data-element_type=\"container\" data-e-type=\"container\">\n\t\t\t\t\t<div class=\"e-con-inner\">\n\t\t<div class=\"elementor-element elementor-element-ce234b1 e-con-full e-flex e-con e-child\" data-id=\"ce234b1\" data-element_type=\"container\" data-e-type=\"container\">\n\t\t\t\t<div class=\"elementor-element elementor-element-9bf107b elementor-widget elementor-widget-image\" data-id=\"9bf107b\" data-element_type=\"widget\" data-e-type=\"widget\" data-widget_type=\"image.default\">\n\t\t\t\t\t\t\t\t\t\t\t\t\t\t\t<img loading=\"lazy\" decoding=\"async\" width=\"343\" height=\"147\" src=\"https:\/\/hydraulitukijalat.fi\/wp-content\/uploads\/2026\/04\/Thule.png\" class=\"attachment-large size-large wp-image-1616\" alt=\"\" srcset=\"https:\/\/hydraulitukijalat.fi\/wp-content\/uploads\/2026\/04\/Thule.png 343w, https:\/\/hydraulitukijalat.fi\/wp-content\/uploads\/2026\/04\/Thule-300x129.png 300w\" sizes=\"(max-width: 343px) 100vw, 343px\" \/>\t\t\t\t\t\t\t\t\t\t\t\t\t\t\t<\/div>\n\t\t\t\t<\/div>\n\t\t\t\t<div class=\"elementor-element elementor-element-dfd01f3 elementor-widget elementor-widget-image\" data-id=\"dfd01f3\" data-element_type=\"widget\" data-e-type=\"widget\" data-widget_type=\"image.default\">\n\t\t\t\t\t\t\t\t\t\t\t\t\t\t\t<img loading=\"lazy\" decoding=\"async\" width=\"225\" height=\"225\" src=\"https:\/\/hydraulitukijalat.fi\/wp-content\/uploads\/2026\/04\/Telair.png\" class=\"attachment-large size-large wp-image-1614\" alt=\"\" srcset=\"https:\/\/hydraulitukijalat.fi\/wp-content\/uploads\/2026\/04\/Telair.png 225w, https:\/\/hydraulitukijalat.fi\/wp-content\/uploads\/2026\/04\/Telair-150x150.png 150w\" sizes=\"(max-width: 225px) 100vw, 225px\" \/>\t\t\t\t\t\t\t\t\t\t\t\t\t\t\t<\/div>\n\t\t<div class=\"elementor-element elementor-element-7c24c91 e-con-full e-flex e-con e-child\" data-id=\"7c24c91\" data-element_type=\"container\" data-e-type=\"container\">\n\t\t\t\t<div class=\"elementor-element elementor-element-87a7e85 elementor-widget elementor-widget-image\" data-id=\"87a7e85\" data-element_type=\"widget\" data-e-type=\"widget\" data-widget_type=\"image.default\">\n\t\t\t\t\t\t\t\t\t\t\t\t\t\t\t<img loading=\"lazy\" decoding=\"async\" width=\"225\" height=\"225\" src=\"https:\/\/hydraulitukijalat.fi\/wp-content\/uploads\/2026\/04\/Reich.jpeg\" class=\"attachment-large size-large wp-image-1613\" alt=\"\" srcset=\"https:\/\/hydraulitukijalat.fi\/wp-content\/uploads\/2026\/04\/Reich.jpeg 225w, https:\/\/hydraulitukijalat.fi\/wp-content\/uploads\/2026\/04\/Reich-150x150.jpeg 150w\" sizes=\"(max-width: 225px) 100vw, 225px\" \/>\t\t\t\t\t\t\t\t\t\t\t\t\t\t\t<\/div>\n\t\t\t\t<\/div>\n\t\t<div class=\"elementor-element elementor-element-bce3849 e-con-full e-flex e-con e-child\" data-id=\"bce3849\" data-element_type=\"container\" data-e-type=\"container\">\n\t\t\t\t<div class=\"elementor-element elementor-element-a354eb2 elementor-widget elementor-widget-image\" data-id=\"a354eb2\" data-element_type=\"widget\" data-e-type=\"widget\" data-widget_type=\"image.default\">\n\t\t\t\t\t\t\t\t\t\t\t\t\t\t\t<img loading=\"lazy\" decoding=\"async\" width=\"310\" height=\"162\" src=\"https:\/\/hydraulitukijalat.fi\/wp-content\/uploads\/2026\/04\/Ultimatron.png\" class=\"attachment-large size-large wp-image-1618\" alt=\"\" srcset=\"https:\/\/hydraulitukijalat.fi\/wp-content\/uploads\/2026\/04\/Ultimatron.png 310w, https:\/\/hydraulitukijalat.fi\/wp-content\/uploads\/2026\/04\/Ultimatron-300x157.png 300w\" sizes=\"(max-width: 310px) 100vw, 310px\" \/>\t\t\t\t\t\t\t\t\t\t\t\t\t\t\t<\/div>\n\t\t<div class=\"elementor-element elementor-element-d658ebd e-con-full e-flex e-con e-child\" data-id=\"d658ebd\" data-element_type=\"container\" data-e-type=\"container\">\n\t\t\t\t<\/div>\n\t\t\t\t<\/div>\n\t\t\t\t\t<\/div>\n\t\t\t\t<\/div>\n\t\t\t\t<\/div>\n\t\t","protected":false},"excerpt":{"rendered":"<p>Matkailuajoneuvojen muut varusteet ja palvelut Hydraulitukijalkojen lis\u00e4ksi saat meilt\u00e4 asennettuna my\u00f6s matkailuajoneuvojen muut lis\u00e4varusteet. Kokeneet ammattilaisemme asentavat markiisit, peruutuskamerat, multimediasoittimet, ilmastointilaitteet, vesi-, s\u00e4hk\u00f6-, sek\u00e4 kaasuj\u00e4rjestelm\u00e4t. Muistathan ett\u00e4 vuosittainen kaasuj\u00e4rjestelm\u00e4n koeponnistusmittaus takaa turvallisen matkustamisen. Asentamalla matkailuajoneuvoosi aurinkopaneelit ja LifePo4 litiumakut matkustat huolettomasti omavaraisesti ilman huolta verkkovirran saatavuudesta. Viel\u00e4 kun s\u00e4hk\u00f6j\u00e4rjestelm\u00e4\u00e4n lis\u00e4t\u00e4\u00e4n tehokas invertteri, sujuu kahvinkeitt\u00e4minen, hiusten [&hellip;]<\/p>\n","protected":false},"author":2,"featured_media":0,"parent":0,"menu_order":0,"comment_status":"closed","ping_status":"closed","template":"elementor_header_footer","meta":{"iawp_total_views":28,"footnotes":""},"class_list":["post-1592","page","type-page","status-publish","hentry"],"blocksy_meta":[],"_links":{"self":[{"href":"https:\/\/hydraulitukijalat.fi\/index.php\/wp-json\/wp\/v2\/pages\/1592","targetHints":{"allow":["GET"]}}],"collection":[{"href":"https:\/\/hydraulitukijalat.fi\/index.php\/wp-json\/wp\/v2\/pages"}],"about":[{"href":"https:\/\/hydraulitukijalat.fi\/index.php\/wp-json\/wp\/v2\/types\/page"}],"author":[{"embeddable":true,"href":"https:\/\/hydraulitukijalat.fi\/index.php\/wp-json\/wp\/v2\/users\/2"}],"replies":[{"embeddable":true,"href":"https:\/\/hydraulitukijalat.fi\/index.php\/wp-json\/wp\/v2\/comments?post=1592"}],"version-history":[{"count":24,"href":"https:\/\/hydraulitukijalat.fi\/index.php\/wp-json\/wp\/v2\/pages\/1592\/revisions"}],"predecessor-version":[{"id":1633,"href":"https:\/\/hydraulitukijalat.fi\/index.php\/wp-json\/wp\/v2\/pages\/1592\/revisions\/1633"}],"wp:attachment":[{"href":"https:\/\/hydraulitukijalat.fi\/index.php\/wp-json\/wp\/v2\/media?parent=1592"}],"curies":[{"name":"wp","href":"https:\/\/api.w.org\/{rel}","templated":true}]}}