{"id":215,"date":"2020-08-17T14:42:04","date_gmt":"2020-08-17T14:42:04","guid":{"rendered":"https:\/\/startersites.io\/blocksy\/business\/?page_id=215"},"modified":"2025-11-21T16:27:50","modified_gmt":"2025-11-21T16:27:50","slug":"about","status":"publish","type":"page","link":"https:\/\/hydraulitukijalat.fi\/index.php\/about\/","title":{"rendered":"Tietoa meist\u00e4"},"content":{"rendered":"\t\t<div data-elementor-type=\"wp-page\" data-elementor-id=\"215\" class=\"elementor elementor-215\">\n\t\t\t\t\t\t<section class=\"elementor-section elementor-top-section elementor-element elementor-element-740778b9 elementor-section-boxed elementor-section-height-default elementor-section-height-default\" data-id=\"740778b9\" data-element_type=\"section\" data-e-type=\"section\">\n\t\t\t\t\t\t<div class=\"elementor-container elementor-column-gap-no\">\n\t\t\t\t\t<div class=\"elementor-column elementor-col-100 elementor-top-column elementor-element elementor-element-34bc9c5b\" data-id=\"34bc9c5b\" data-element_type=\"column\" data-e-type=\"column\">\n\t\t\t<div class=\"elementor-widget-wrap elementor-element-populated\">\n\t\t\t\t\t\t<div class=\"elementor-element elementor-element-1f86abc9 elementor-widget elementor-widget-spacer\" data-id=\"1f86abc9\" data-element_type=\"widget\" data-e-type=\"widget\" data-widget_type=\"spacer.default\">\n\t\t\t\t\t\t\t<div class=\"elementor-spacer\">\n\t\t\t<div class=\"elementor-spacer-inner\"><\/div>\n\t\t<\/div>\n\t\t\t\t\t\t<\/div>\n\t\t\t\t\t<\/div>\n\t\t<\/div>\n\t\t\t\t\t<\/div>\n\t\t<\/section>\n\t\t\t\t<section class=\"elementor-section elementor-top-section elementor-element elementor-element-27eed9c0 ct-section-stretched elementor-section-boxed elementor-section-height-default elementor-section-height-default\" data-id=\"27eed9c0\" data-element_type=\"section\" data-e-type=\"section\" data-settings=\"{&quot;background_background&quot;:&quot;classic&quot;}\">\n\t\t\t\t\t\t<div class=\"elementor-container elementor-column-gap-no\">\n\t\t\t\t\t<div class=\"elementor-column elementor-col-100 elementor-top-column elementor-element elementor-element-182d1a3a\" data-id=\"182d1a3a\" data-element_type=\"column\" data-e-type=\"column\">\n\t\t\t<div class=\"elementor-widget-wrap elementor-element-populated\">\n\t\t\t\t\t\t<div class=\"elementor-element elementor-element-39307e74 elementor-widget elementor-widget-spacer\" data-id=\"39307e74\" data-element_type=\"widget\" data-e-type=\"widget\" data-widget_type=\"spacer.default\">\n\t\t\t\t\t\t\t<div class=\"elementor-spacer\">\n\t\t\t<div class=\"elementor-spacer-inner\"><\/div>\n\t\t<\/div>\n\t\t\t\t\t\t<\/div>\n\t\t\t\t<div class=\"elementor-element elementor-element-5e3d6d2 elementor-widget elementor-widget-heading\" data-id=\"5e3d6d2\" data-element_type=\"widget\" data-e-type=\"widget\" data-widget_type=\"heading.default\">\n\t\t\t\t\t<h2 class=\"elementor-heading-title elementor-size-default\">Tietoa meist\u00e4<\/h2>\t\t\t\t<\/div>\n\t\t\t\t<div class=\"elementor-element elementor-element-37a1cf8 elementor-widget elementor-widget-text-editor\" data-id=\"37a1cf8\" data-element_type=\"widget\" data-e-type=\"widget\" data-widget_type=\"text-editor.default\">\n\t\t\t\t\t\t\t\t\t<p data-start=\"138\" data-end=\"487\">Olemme <strong data-start=\"145\" data-end=\"168\">Juha \u201cJussi\u201d Elonen<\/strong> ja <strong data-start=\"172\" data-end=\"193\">Raul \u201cRallu\u201d Fall<\/strong> \u2013 kaksi pitk\u00e4n linjan karavaanaria. Halusimme kehitt\u00e4\u00e4 konseptin, jolla voimme valmistaa ja tuoda matkailuautojen hydrauliset tukijalat j\u00e4rkev\u00e4\u00e4n hintaan, &#8220;kaikkien&#8221; saataville. <br \/>Meit\u00e4 yhdist\u00e4\u00e4 k\u00e4yt\u00e4nn\u00f6n kokemus, tekninen osaaminen ja aito halu kehitt\u00e4\u00e4 ratkaisu, jota olisimme itse toivoneet vuosia sitten.<\/p>\t\t\t\t\t\t\t\t<\/div>\n\t\t\t\t\t<\/div>\n\t\t<\/div>\n\t\t\t\t\t<\/div>\n\t\t<\/section>\n\t\t<div class=\"elementor-element elementor-element-4e5f888 e-flex e-con-boxed e-con e-parent\" data-id=\"4e5f888\" data-element_type=\"container\" data-e-type=\"container\">\n\t\t\t\t\t<div class=\"e-con-inner\">\n\t\t<div class=\"elementor-element elementor-element-259faea e-con-full e-flex e-con e-child\" data-id=\"259faea\" data-element_type=\"container\" data-e-type=\"container\">\n\t\t\t\t<div class=\"elementor-element elementor-element-ef5d40b elementor-widget elementor-widget-image\" data-id=\"ef5d40b\" data-element_type=\"widget\" data-e-type=\"widget\" data-widget_type=\"image.default\">\n\t\t\t\t\t\t\t\t\t\t\t\t\t\t\t<img fetchpriority=\"high\" decoding=\"async\" width=\"300\" height=\"300\" src=\"https:\/\/hydraulitukijalat.fi\/wp-content\/uploads\/2025\/07\/Jussi-ja-Matti-300x300.jpg\" class=\"attachment-medium size-medium wp-image-1097\" alt=\"\" srcset=\"https:\/\/hydraulitukijalat.fi\/wp-content\/uploads\/2025\/07\/Jussi-ja-Matti-300x300.jpg 300w, https:\/\/hydraulitukijalat.fi\/wp-content\/uploads\/2025\/07\/Jussi-ja-Matti-150x150.jpg 150w, https:\/\/hydraulitukijalat.fi\/wp-content\/uploads\/2025\/07\/Jussi-ja-Matti.jpg 529w\" sizes=\"(max-width: 300px) 100vw, 300px\" \/>\t\t\t\t\t\t\t\t\t\t\t\t\t\t\t<\/div>\n\t\t\t\t<\/div>\n\t\t<div class=\"elementor-element elementor-element-d227457 e-con-full e-flex e-con e-child\" data-id=\"d227457\" data-element_type=\"container\" data-e-type=\"container\">\n\t\t\t\t<div class=\"elementor-element elementor-element-1d7c6b6 elementor-widget elementor-widget-heading\" data-id=\"1d7c6b6\" data-element_type=\"widget\" data-e-type=\"widget\" data-widget_type=\"heading.default\">\n\t\t\t\t\t<h4 class=\"elementor-heading-title elementor-size-default\">Juha \"Jussi\" Elonen<\/h4>\t\t\t\t<\/div>\n\t\t\t\t<div class=\"elementor-element elementor-element-bb5c393 elementor-widget elementor-widget-heading\" data-id=\"bb5c393\" data-element_type=\"widget\" data-e-type=\"widget\" data-widget_type=\"heading.default\">\n\t\t\t\t\t<h6 class=\"elementor-heading-title elementor-size-default\">Toimitusjohtaja  I  Insin\u00f6\u00f6ri  I karavaanari<\/h6>\t\t\t\t<\/div>\n\t\t\t\t<div class=\"elementor-element elementor-element-aa15990 elementor-widget elementor-widget-text-editor\" data-id=\"aa15990\" data-element_type=\"widget\" data-e-type=\"widget\" data-widget_type=\"text-editor.default\">\n\t\t\t\t\t\t\t\t\t<p data-start=\"585\" data-end=\"928\">Jussi on Fiellberg Oy:n p\u00e4\u00e4osakas ja toimitusjohtaja. Yritys on erikoistunut hydraulisylintereihin ja toimii kansainv\u00e4lisesti muun muassa laivanrakennus- ja raskaan teollisuuden parissa.<\/p><p>Koulutukseltaan Jussi on laivanrakennusinsin\u00f6\u00f6ri, ja h\u00e4nell\u00e4 on vuosikymmenten kokemus hydraulij\u00e4rjestelmien suunnittelusta ja valmistuksesta.<\/p><p data-start=\"1845\" data-end=\"1972\">Jussi on my\u00f6s pitk\u00e4aikainen karavaanari, jolla on matkailuautoilukokemusta ymp\u00e4ri maailmaa.<br \/>H\u00e4nen vankka kokemuksensa ja tekninen osaamisensa on ollut ratkaiseva Fiellberg Stabilizers -tukijalkojen suunnittelussa ja tuotannossa.<\/p><p data-start=\"1845\" data-end=\"1972\">S\u00e4hk\u00f6posti. juha.elonen@fiellberg.fi<\/p>\t\t\t\t\t\t\t\t<\/div>\n\t\t\t\t<\/div>\n\t\t\t\t\t<\/div>\n\t\t\t\t<\/div>\n\t\t<div class=\"elementor-element elementor-element-eefce71 e-flex e-con-boxed e-con e-parent\" data-id=\"eefce71\" data-element_type=\"container\" data-e-type=\"container\">\n\t\t\t\t\t<div class=\"e-con-inner\">\n\t\t<div class=\"elementor-element elementor-element-304594b e-con-full e-flex e-con e-child\" data-id=\"304594b\" data-element_type=\"container\" data-e-type=\"container\">\n\t\t\t\t<div class=\"elementor-element elementor-element-e370d7a elementor-widget elementor-widget-image\" data-id=\"e370d7a\" data-element_type=\"widget\" data-e-type=\"widget\" data-widget_type=\"image.default\">\n\t\t\t\t\t\t\t\t\t\t\t\t\t\t\t<img decoding=\"async\" width=\"1024\" height=\"1024\" src=\"https:\/\/hydraulitukijalat.fi\/wp-content\/uploads\/2025\/07\/Rallu-ratissa-1024x1024.jpg\" class=\"attachment-large size-large wp-image-998\" alt=\"\" srcset=\"https:\/\/hydraulitukijalat.fi\/wp-content\/uploads\/2025\/07\/Rallu-ratissa-1024x1024.jpg 1024w, https:\/\/hydraulitukijalat.fi\/wp-content\/uploads\/2025\/07\/Rallu-ratissa-300x300.jpg 300w, https:\/\/hydraulitukijalat.fi\/wp-content\/uploads\/2025\/07\/Rallu-ratissa-150x150.jpg 150w, https:\/\/hydraulitukijalat.fi\/wp-content\/uploads\/2025\/07\/Rallu-ratissa-768x768.jpg 768w, https:\/\/hydraulitukijalat.fi\/wp-content\/uploads\/2025\/07\/Rallu-ratissa-1536x1536.jpg 1536w, https:\/\/hydraulitukijalat.fi\/wp-content\/uploads\/2025\/07\/Rallu-ratissa.jpg 1576w\" sizes=\"(max-width: 1024px) 100vw, 1024px\" \/>\t\t\t\t\t\t\t\t\t\t\t\t\t\t\t<\/div>\n\t\t\t\t<\/div>\n\t\t<div class=\"elementor-element elementor-element-f0e32a5 e-con-full e-flex e-con e-child\" data-id=\"f0e32a5\" data-element_type=\"container\" data-e-type=\"container\">\n\t\t\t\t<div class=\"elementor-element elementor-element-e41884e elementor-widget elementor-widget-heading\" data-id=\"e41884e\" data-element_type=\"widget\" data-e-type=\"widget\" data-widget_type=\"heading.default\">\n\t\t\t\t\t<h4 class=\"elementor-heading-title elementor-size-default\">Raul \"Rallu\" Fall<\/h4>\t\t\t\t<\/div>\n\t\t\t\t<div class=\"elementor-element elementor-element-0ff46f5 elementor-widget elementor-widget-heading\" data-id=\"0ff46f5\" data-element_type=\"widget\" data-e-type=\"widget\" data-widget_type=\"heading.default\">\n\t\t\t\t\t<h6 class=\"elementor-heading-title elementor-size-default\">Myynti&amp;markkinointi  I  sis\u00e4ll\u00f6ntuottaja  I  karavaanari<\/h6>\t\t\t\t<\/div>\n\t\t\t\t<div class=\"elementor-element elementor-element-2cebffe elementor-widget elementor-widget-text-editor\" data-id=\"2cebffe\" data-element_type=\"widget\" data-e-type=\"widget\" data-widget_type=\"text-editor.default\">\n\t\t\t\t\t\t\t\t\t<p data-start=\"1245\" data-end=\"1843\">Rallu on monipuolinen osaaja, jolla on autopeltisep\u00e4n ja kaupallinen koulutus. H\u00e4n on toiminut aiemmin autopeltikorjaamon ja takorautapajan yritt\u00e4j\u00e4n\u00e4, ja tuntee ajoneuvojen rakenteet ja metallity\u00f6t k\u00e4yt\u00e4nn\u00f6n tasolla.<\/p><p data-start=\"1845\" data-end=\"1972\">Viimeiset parikymment\u00e4 vuotta Rallu on ty\u00f6skennellyt myynnin, markkinoinnin ja videotuotannon parissa.<\/p><p data-start=\"1845\" data-end=\"1972\">My\u00f6s Rallu on pitk\u00e4aikainen karavaanari ja h\u00e4n on tehnyt parikymment\u00e4 matkasarjaa ymp\u00e4ri Eurooppaa. Karavaanipiireiss\u00e4 h\u00e4net tunnetaankin muun muassa JustDoMedia YouTube-kanavastaan ja Moottoriturvat live -l\u00e4hetyksist\u00e4. Lis\u00e4ksi h\u00e4n on tuottanut l\u00e4hes viisikymment\u00e4, suosittua &#8220;Caravan Koeajo&#8221; -videota, joiden kautta h\u00e4n on perehtynyt syv\u00e4llisesti matkailuautojen tekniikkaan ja ajettavuuteen.<\/p><p data-start=\"1845\" data-end=\"1972\">Rallu vastaa Fiellberg Stabilizers -tukijalkojen myynnist\u00e4 ja markkinoinnista \u2013 asiakas edell\u00e4, karavaanari karavaanarille.<\/p><p data-start=\"1845\" data-end=\"1972\">S\u00e4hk\u00f6posti. raul@fiellberg.fi<\/p>\t\t\t\t\t\t\t\t<\/div>\n\t\t\t\t<\/div>\n\t\t\t\t\t<\/div>\n\t\t\t\t<\/div>\n\t\t<div class=\"elementor-element elementor-element-25aab0d e-flex e-con-boxed e-con e-parent\" data-id=\"25aab0d\" data-element_type=\"container\" data-e-type=\"container\" data-settings=\"{&quot;background_background&quot;:&quot;classic&quot;}\">\n\t\t\t\t\t<div class=\"e-con-inner\">\n\t\t\t\t<div class=\"elementor-element elementor-element-eade3d5 elementor-widget elementor-widget-heading\" data-id=\"eade3d5\" data-element_type=\"widget\" data-e-type=\"widget\" data-widget_type=\"heading.default\">\n\t\t\t\t\t<h2 class=\"elementor-heading-title elementor-size-default\">Miksi teemme t\u00e4t\u00e4?<\/h2>\t\t\t\t<\/div>\n\t\t\t\t<div class=\"elementor-element elementor-element-b11f769 elementor-widget elementor-widget-text-editor\" data-id=\"b11f769\" data-element_type=\"widget\" data-e-type=\"widget\" data-widget_type=\"text-editor.default\">\n\t\t\t\t\t\t\t\t\t<p data-start=\"2010\" data-end=\"2243\">Jo vuosia sitten telttasaunassa istuessamme, pohdimme miten matkailuautojen hydrauliset tukijalat voitaisiin toteuttaa paremmin ja kohtuuhintaisesti \u2013 ilman ett\u00e4 laatu k\u00e4rsii. Kev\u00e4\u00e4ll\u00e4 2025, palatessamme Espanjasta Suomeen, aika oli kyps\u00e4 ja p\u00e4\u00e4timme vihdoin tehd\u00e4 asiasta totta.<\/p><p data-start=\"2245\" data-end=\"2498\"><strong data-start=\"2245\" data-end=\"2270\">Fiellberg Stabilizers <\/strong>hydrauliset tukijalat on suunniteltu ja valmistettu Suomessa, ja siihen on yhdistetty meid\u00e4n omat kokemuksemme useista eri tukijalkaj\u00e4rjestelmist\u00e4. Olemme poimineet niist\u00e4 mielest\u00e4mme parhaat ominaisuudet ja kehitt\u00e4neet niist\u00e4 oman, huolella rakennetun version.<\/p><p data-start=\"2500\" data-end=\"2622\">Lopputuloksena syntyi tuote, joka on tehty <strong data-start=\"2543\" data-end=\"2576\">karavaanarilta karavaanarille<\/strong> \u2013 sellaiseksi, jonka mekin itse valitsisimme.<\/p>\t\t\t\t\t\t\t\t<\/div>\n\t\t\t\t\t<\/div>\n\t\t\t\t<\/div>\n\t\t<div class=\"elementor-element elementor-element-37cf7f7 e-con-full e-flex e-con e-parent\" data-id=\"37cf7f7\" data-element_type=\"container\" data-e-type=\"container\">\n\t\t\t\t<div class=\"elementor-element elementor-element-4b731ea elementor-widget elementor-widget-image\" data-id=\"4b731ea\" data-element_type=\"widget\" data-e-type=\"widget\" data-widget_type=\"image.default\">\n\t\t\t\t\t\t\t\t\t\t\t\t\t\t\t<img decoding=\"async\" width=\"2400\" height=\"900\" src=\"https:\/\/hydraulitukijalat.fi\/wp-content\/uploads\/2025\/07\/Mersu-takatunkki.jpg\" class=\"attachment-full size-full wp-image-1129\" alt=\"\" srcset=\"https:\/\/hydraulitukijalat.fi\/wp-content\/uploads\/2025\/07\/Mersu-takatunkki.jpg 2400w, https:\/\/hydraulitukijalat.fi\/wp-content\/uploads\/2025\/07\/Mersu-takatunkki-300x113.jpg 300w, https:\/\/hydraulitukijalat.fi\/wp-content\/uploads\/2025\/07\/Mersu-takatunkki-1024x384.jpg 1024w, https:\/\/hydraulitukijalat.fi\/wp-content\/uploads\/2025\/07\/Mersu-takatunkki-768x288.jpg 768w, https:\/\/hydraulitukijalat.fi\/wp-content\/uploads\/2025\/07\/Mersu-takatunkki-1536x576.jpg 1536w, https:\/\/hydraulitukijalat.fi\/wp-content\/uploads\/2025\/07\/Mersu-takatunkki-2048x768.jpg 2048w\" sizes=\"(max-width: 2400px) 100vw, 2400px\" \/>\t\t\t\t\t\t\t\t\t\t\t\t\t\t\t<\/div>\n\t\t\t\t<\/div>\n\t\t\t\t<\/div>\n\t\t","protected":false},"excerpt":{"rendered":"<p>Tietoa meist\u00e4 Olemme Juha \u201cJussi\u201d Elonen ja Raul \u201cRallu\u201d Fall \u2013 kaksi pitk\u00e4n linjan karavaanaria. Halusimme kehitt\u00e4\u00e4 konseptin, jolla voimme valmistaa ja tuoda matkailuautojen hydrauliset tukijalat j\u00e4rkev\u00e4\u00e4n hintaan, &#8220;kaikkien&#8221; saataville. Meit\u00e4 yhdist\u00e4\u00e4 k\u00e4yt\u00e4nn\u00f6n kokemus, tekninen osaaminen ja aito halu kehitt\u00e4\u00e4 ratkaisu, jota olisimme itse toivoneet vuosia sitten. Juha &#8220;Jussi&#8221; Elonen Toimitusjohtaja I Insin\u00f6\u00f6ri I karavaanari [&hellip;]<\/p>\n","protected":false},"author":2,"featured_media":0,"parent":0,"menu_order":0,"comment_status":"closed","ping_status":"closed","template":"","meta":{"iawp_total_views":1306,"footnotes":""},"class_list":["post-215","page","type-page","status-publish","hentry"],"blocksy_meta":{"page_title_panel":"","has_hero_section":"disabled","0df2dca53447789c9966a9ee2482ae8e":"","hero_section":"type-1","hero_elements":[{"id":"custom_title","enabled":true,"heading_tag":"h1","title":"Home"},{"id":"custom_description","enabled":true,"description_visibility":{"desktop":true,"tablet":true,"mobile":false}},{"id":"custom_meta","enabled":false,"meta_elements":[{"id":"author","enabled":true,"label":"By","has_author_avatar":"yes","avatar_size":25},{"id":"post_date","enabled":true,"label":"On","date_format_source":"default","date_format":"M j, Y"},{"id":"comments","enabled":true}],"page_meta_elements":{"joined":true,"articles_count":true,"comments":true}},{"id":"breadcrumbs","enabled":false}],"9a068402903147dab0312ed721d813d1":"","hero_alignment1":"left","hero_alignment2":"center","hero_vertical_alignment":"center","878df3921d36f5f7834a2f50f2d62119":"","hero_structure":"narrow","c672b96ecc952ad64c8c2d7fdf1a61dc":"","page_title_bg_type":"featured_image","custom_hero_background":{"attachment_id":null},"parallax":{"desktop":false,"tablet":false,"mobile":false},"cc7bcd5456d7cac909e888486d83b616":"","hero_height":"250px","pageTitleFont":{"family":"Default","variation":"Default","size":{"desktop":"32px","tablet":"30px","mobile":"25px"},"line-height":"CT_CSS_SKIP_RULE","letter-spacing":"CT_CSS_SKIP_RULE","text-transform":"CT_CSS_SKIP_RULE","text-decoration":"CT_CSS_SKIP_RULE"},"pageTitleFontColor":{"default":{"color":"CT_CSS_SKIP_RULEDEFAULT"}},"pageMetaFont":{"family":"Default","variation":"n6","size":"12px","line-height":"1.3","letter-spacing":"CT_CSS_SKIP_RULE","text-transform":"uppercase","text-decoration":"CT_CSS_SKIP_RULE"},"pageMetaFontColor":{"default":{"color":"CT_CSS_SKIP_RULEDEFAULT"},"hover":{"color":"CT_CSS_SKIP_RULEDEFAULT"}},"pageExcerptFont":{"family":"Default","variation":"Default","size":"CT_CSS_SKIP_RULE","line-height":"CT_CSS_SKIP_RULE","letter-spacing":"CT_CSS_SKIP_RULE","text-transform":"CT_CSS_SKIP_RULE","text-decoration":"CT_CSS_SKIP_RULE"},"pageExcerptColor":{"default":{"color":"CT_CSS_SKIP_RULEDEFAULT"}},"breadcrumbsFont":{"family":"Default","variation":"n6","size":"12px","line-height":"CT_CSS_SKIP_RULE","letter-spacing":"CT_CSS_SKIP_RULE","text-transform":"uppercase","text-decoration":"CT_CSS_SKIP_RULE"},"breadcrumbsFontColor":{"default":{"color":"CT_CSS_SKIP_RULEDEFAULT"},"initial":{"color":"CT_CSS_SKIP_RULEDEFAULT"},"hover":{"color":"CT_CSS_SKIP_RULEDEFAULT"}},"pageTitleOverlay":{"default":{"color":"rgba(41, 51, 60, 0.2)"}},"pageTitleBackground":{"background_type":"color","background_pattern":"type-1","background_image":{"attachment_id":null,"x":0,"y":0},"background_repeat":"no-repeat","background_size":"auto","background_attachment":"scroll","patternColor":{"default":{"color":"#e5e7ea"}},"backgroundColor":{"default":{"color":"#EDEFF2"}}},"5384544efa2613b7222fa667fe0c3bd5":"","page_structure_type":"default","content_style":"inherit","vertical_spacing_source":"custom","content_area_spacing":"none","background":{"background_type":"color","background_pattern":"type-1","background_image":{"attachment_id":null,"x":0,"y":0},"background_repeat":"no-repeat","background_size":"auto","background_attachment":"scroll","patternColor":{"default":{"color":"#e5e7ea"}},"backgroundColor":{"default":{"color":"CT_CSS_SKIP_RULE"}}},"content_background":{"background_type":"color","background_pattern":"type-1","background_image":{"attachment_id":null,"x":0,"y":0},"background_repeat":"no-repeat","background_size":"auto","background_attachment":"scroll","patternColor":{"default":{"color":"#e5e7ea"}},"backgroundColor":{"default":{"color":"#ffffff"}}},"content_boxed_spacing":{"desktop":"40px","tablet":"35px","mobile":"20px"},"content_boxed_radius":{"top":"3px","bottom":"3px","left":"3px","right":"3px","linked":true},"content_boxed_shadow":{"blur":18,"spread":-6,"v_offset":12,"h_offset":0,"inset":false,"enable":true,"color":{"color":"rgba(34, 56, 101, 0.04)"}},"7b360c47770bb2bc7820037d1b7ccdae":"","disable_featured_image":"no","disable_header":"no","disable_footer":"no","styles_descriptor":{"styles":{"desktop":"","tablet":"","mobile":""},"google_fonts":[]}},"_links":{"self":[{"href":"https:\/\/hydraulitukijalat.fi\/index.php\/wp-json\/wp\/v2\/pages\/215","targetHints":{"allow":["GET"]}}],"collection":[{"href":"https:\/\/hydraulitukijalat.fi\/index.php\/wp-json\/wp\/v2\/pages"}],"about":[{"href":"https:\/\/hydraulitukijalat.fi\/index.php\/wp-json\/wp\/v2\/types\/page"}],"author":[{"embeddable":true,"href":"https:\/\/hydraulitukijalat.fi\/index.php\/wp-json\/wp\/v2\/users\/2"}],"replies":[{"embeddable":true,"href":"https:\/\/hydraulitukijalat.fi\/index.php\/wp-json\/wp\/v2\/comments?post=215"}],"version-history":[{"count":6,"href":"https:\/\/hydraulitukijalat.fi\/index.php\/wp-json\/wp\/v2\/pages\/215\/revisions"}],"predecessor-version":[{"id":1446,"href":"https:\/\/hydraulitukijalat.fi\/index.php\/wp-json\/wp\/v2\/pages\/215\/revisions\/1446"}],"wp:attachment":[{"href":"https:\/\/hydraulitukijalat.fi\/index.php\/wp-json\/wp\/v2\/media?parent=215"}],"curies":[{"name":"wp","href":"https:\/\/api.w.org\/{rel}","templated":true}]}}