{"id":285,"date":"2020-08-17T16:14:31","date_gmt":"2020-08-17T16:14:31","guid":{"rendered":"https:\/\/startersites.io\/blocksy\/business\/?page_id=285"},"modified":"2026-03-23T12:22:09","modified_gmt":"2026-03-23T12:22:09","slug":"contact","status":"publish","type":"page","link":"https:\/\/hydraulitukijalat.fi\/index.php\/contact\/","title":{"rendered":"Yhteystiedot \/ info"},"content":{"rendered":"\t\t<div data-elementor-type=\"wp-page\" data-elementor-id=\"285\" class=\"elementor elementor-285\">\n\t\t\t\t<div class=\"elementor-element elementor-element-519ff35 e-con-full e-flex e-con e-parent\" data-id=\"519ff35\" data-element_type=\"container\" data-e-type=\"container\">\n\t\t\t\t<div class=\"elementor-element elementor-element-a979469 elementor-widget elementor-widget-image\" data-id=\"a979469\" data-element_type=\"widget\" data-e-type=\"widget\" data-widget_type=\"image.default\">\n\t\t\t\t\t\t\t\t\t\t\t\t\t\t\t<img fetchpriority=\"high\" decoding=\"async\" width=\"1200\" height=\"500\" src=\"https:\/\/hydraulitukijalat.fi\/wp-content\/uploads\/2025\/11\/Halli-logoilla-nettisivu.jpg\" class=\"attachment-full size-full wp-image-1343\" alt=\"\" srcset=\"https:\/\/hydraulitukijalat.fi\/wp-content\/uploads\/2025\/11\/Halli-logoilla-nettisivu.jpg 1200w, https:\/\/hydraulitukijalat.fi\/wp-content\/uploads\/2025\/11\/Halli-logoilla-nettisivu-300x125.jpg 300w, https:\/\/hydraulitukijalat.fi\/wp-content\/uploads\/2025\/11\/Halli-logoilla-nettisivu-1024x427.jpg 1024w, https:\/\/hydraulitukijalat.fi\/wp-content\/uploads\/2025\/11\/Halli-logoilla-nettisivu-768x320.jpg 768w\" sizes=\"(max-width: 1200px) 100vw, 1200px\" \/>\t\t\t\t\t\t\t\t\t\t\t\t\t\t\t<\/div>\n\t\t\t\t<\/div>\n\t\t<div class=\"elementor-element elementor-element-8854b38 e-flex e-con-boxed e-con e-parent\" data-id=\"8854b38\" data-element_type=\"container\" data-e-type=\"container\">\n\t\t\t\t\t<div class=\"e-con-inner\">\n\t\t<div class=\"elementor-element elementor-element-fcfb652 e-con-full e-flex e-con e-child\" data-id=\"fcfb652\" data-element_type=\"container\" data-e-type=\"container\">\n\t\t\t\t<div class=\"elementor-element elementor-element-b750b89 elementor-widget elementor-widget-image\" data-id=\"b750b89\" data-element_type=\"widget\" data-e-type=\"widget\" data-widget_type=\"image.default\">\n\t\t\t\t\t\t\t\t\t\t\t\t\t\t\t<img decoding=\"async\" width=\"300\" height=\"300\" src=\"https:\/\/hydraulitukijalat.fi\/wp-content\/uploads\/2025\/07\/Rallu-ratissa-300x300.jpg\" class=\"attachment-medium size-medium wp-image-998\" alt=\"\" srcset=\"https:\/\/hydraulitukijalat.fi\/wp-content\/uploads\/2025\/07\/Rallu-ratissa-300x300.jpg 300w, https:\/\/hydraulitukijalat.fi\/wp-content\/uploads\/2025\/07\/Rallu-ratissa-1024x1024.jpg 1024w, https:\/\/hydraulitukijalat.fi\/wp-content\/uploads\/2025\/07\/Rallu-ratissa-150x150.jpg 150w, https:\/\/hydraulitukijalat.fi\/wp-content\/uploads\/2025\/07\/Rallu-ratissa-768x768.jpg 768w, https:\/\/hydraulitukijalat.fi\/wp-content\/uploads\/2025\/07\/Rallu-ratissa-1536x1536.jpg 1536w, https:\/\/hydraulitukijalat.fi\/wp-content\/uploads\/2025\/07\/Rallu-ratissa.jpg 1576w\" sizes=\"(max-width: 300px) 100vw, 300px\" \/>\t\t\t\t\t\t\t\t\t\t\t\t\t\t\t<\/div>\n\t\t\t\t<\/div>\n\t\t<div class=\"elementor-element elementor-element-c7b2516 e-con-full e-flex e-con e-child\" data-id=\"c7b2516\" data-element_type=\"container\" data-e-type=\"container\">\n\t\t\t\t<div class=\"elementor-element elementor-element-b4ebd31 elementor-widget elementor-widget-heading\" data-id=\"b4ebd31\" data-element_type=\"widget\" data-e-type=\"widget\" data-widget_type=\"heading.default\">\n\t\t\t\t\t<h3 class=\"elementor-heading-title elementor-size-default\">Raul Fall<\/h3>\t\t\t\t<\/div>\n\t\t\t\t<div class=\"elementor-element elementor-element-34ef03d elementor-widget elementor-widget-text-editor\" data-id=\"34ef03d\" data-element_type=\"widget\" data-e-type=\"widget\" data-widget_type=\"text-editor.default\">\n\t\t\t\t\t\t\t\t\t<p><strong>Myynti ja Markkinointi<\/strong><\/p><p>+ 358 44 971 9719<\/p><p>raul@fiellberg.fi<\/p>\t\t\t\t\t\t\t\t<\/div>\n\t\t\t\t<\/div>\n\t\t\t\t\t<\/div>\n\t\t\t\t<\/div>\n\t\t<div class=\"elementor-element elementor-element-cdad70b e-flex e-con-boxed e-con e-parent\" data-id=\"cdad70b\" data-element_type=\"container\" data-e-type=\"container\">\n\t\t\t\t\t<div class=\"e-con-inner\">\n\t\t\t\t\t<\/div>\n\t\t\t\t<\/div>\n\t\t<div class=\"elementor-element elementor-element-bb09d85 e-flex e-con-boxed e-con e-parent\" data-id=\"bb09d85\" data-element_type=\"container\" data-e-type=\"container\">\n\t\t\t\t\t<div class=\"e-con-inner\">\n\t\t\t\t<div class=\"elementor-element elementor-element-986519e elementor-widget elementor-widget-google_maps\" data-id=\"986519e\" data-element_type=\"widget\" data-e-type=\"widget\" data-widget_type=\"google_maps.default\">\n\t\t\t\t\t\t\t<div class=\"elementor-custom-embed\">\n\t\t\t<iframe loading=\"lazy\"\n\t\t\t\t\tsrc=\"https:\/\/maps.google.com\/maps?q=Tehdaskyl%C3%A4nkuja%202%2C%20Riihim%C3%A4ki%2C%20%20Finland&#038;t=m&#038;z=10&#038;output=embed&#038;iwloc=near\"\n\t\t\t\t\ttitle=\"Tehdaskyl\u00e4nkuja 2, Riihim\u00e4ki,  Finland\"\n\t\t\t\t\taria-label=\"Tehdaskyl\u00e4nkuja 2, Riihim\u00e4ki,  Finland\"\n\t\t\t><\/iframe>\n\t\t<\/div>\n\t\t\t\t\t\t<\/div>\n\t\t\t\t\t<\/div>\n\t\t\t\t<\/div>\n\t\t<div class=\"elementor-element elementor-element-5ca8b50 e-flex e-con-boxed e-con e-parent\" data-id=\"5ca8b50\" data-element_type=\"container\" data-e-type=\"container\">\n\t\t\t\t\t<div class=\"e-con-inner\">\n\t\t\t\t<div class=\"elementor-element elementor-element-30caba4 elementor-widget elementor-widget-heading\" data-id=\"30caba4\" data-element_type=\"widget\" data-e-type=\"widget\" data-widget_type=\"heading.default\">\n\t\t\t\t\t<h2 class=\"elementor-heading-title elementor-size-default\">Matkaparkki ja asiakastilat<\/h2>\t\t\t\t<\/div>\n\t\t\t\t\t<\/div>\n\t\t\t\t<\/div>\n\t\t<div class=\"elementor-element elementor-element-7d99e0b e-flex e-con-boxed e-con e-parent\" data-id=\"7d99e0b\" data-element_type=\"container\" data-e-type=\"container\">\n\t\t\t\t\t<div class=\"e-con-inner\">\n\t\t\t\t<div class=\"elementor-element elementor-element-672b76a elementor-widget__width-initial elementor-widget-tablet__width-initial elementor-widget elementor-widget-text-editor\" data-id=\"672b76a\" data-element_type=\"widget\" data-e-type=\"widget\" data-widget_type=\"text-editor.default\">\n\t\t\t\t\t\t\t\t\t<p>Asiakkaillamme on mahdollisuus y\u00f6py\u00e4 omassa autossa pihallamme olevassa, s\u00e4hk\u00f6ill\u00e4 varustetussa matkaparkissa vuorokautta ennen, asennusp\u00e4ivien v\u00e4lisen\u00e4 y\u00f6n\u00e4, sek\u00e4 tarvittaessa asennuksen j\u00e4lkeisen\u00e4 y\u00f6n\u00e4.<\/p><p>Toimitiloissamme on viihtyis\u00e4t asiakastilat, jossa asiakkaanamme voit viett\u00e4\u00e4 aikaa ja tehd\u00e4 vaikka et\u00e4t\u00f6it\u00e4 hydraulisten tukijalkojen asennuksen ajan. Asiakastilat sis\u00e4lt\u00e4v\u00e4t my\u00f6s minikeitti\u00f6n, jossa voi l\u00e4mmitt\u00e4\u00e4 omia ev\u00e4it\u00e4.<\/p>\t\t\t\t\t\t\t\t<\/div>\n\t\t\t\t<div class=\"elementor-element elementor-element-263fd8f elementor-widget elementor-widget-image\" data-id=\"263fd8f\" data-element_type=\"widget\" data-e-type=\"widget\" data-widget_type=\"image.default\">\n\t\t\t\t\t\t\t\t\t\t\t\t\t\t\t<img decoding=\"async\" width=\"768\" height=\"432\" src=\"https:\/\/hydraulitukijalat.fi\/wp-content\/uploads\/2026\/02\/Sisaankaynnista-768x432.jpg\" class=\"attachment-medium_large size-medium_large wp-image-1540\" alt=\"\" srcset=\"https:\/\/hydraulitukijalat.fi\/wp-content\/uploads\/2026\/02\/Sisaankaynnista-768x432.jpg 768w, https:\/\/hydraulitukijalat.fi\/wp-content\/uploads\/2026\/02\/Sisaankaynnista-300x169.jpg 300w, https:\/\/hydraulitukijalat.fi\/wp-content\/uploads\/2026\/02\/Sisaankaynnista-1024x576.jpg 1024w, https:\/\/hydraulitukijalat.fi\/wp-content\/uploads\/2026\/02\/Sisaankaynnista.jpg 1440w\" sizes=\"(max-width: 768px) 100vw, 768px\" \/>\t\t\t\t\t\t\t\t\t\t\t\t\t\t\t<\/div>\n\t\t\t\t\t<\/div>\n\t\t\t\t<\/div>\n\t\t<div class=\"elementor-element elementor-element-06d9d7d e-flex e-con-boxed e-con e-parent\" data-id=\"06d9d7d\" data-element_type=\"container\" data-e-type=\"container\">\n\t\t\t\t\t<div class=\"e-con-inner\">\n\t\t\t\t<div class=\"elementor-element elementor-element-a2843a7 elementor-widget elementor-widget-heading\" data-id=\"a2843a7\" data-element_type=\"widget\" data-e-type=\"widget\" data-widget_type=\"heading.default\">\n\t\t\t\t\t<h2 class=\"elementor-heading-title elementor-size-default\">Tilava ja korkea asennushalli<\/h2>\t\t\t\t<\/div>\n\t\t\t\t\t<\/div>\n\t\t\t\t<\/div>\n\t\t<div class=\"elementor-element elementor-element-e3f071f e-flex e-con-boxed e-con e-parent\" data-id=\"e3f071f\" data-element_type=\"container\" data-e-type=\"container\">\n\t\t\t\t\t<div class=\"e-con-inner\">\n\t\t<div class=\"elementor-element elementor-element-e8c5f50 e-con-full e-flex e-con e-child\" data-id=\"e8c5f50\" data-element_type=\"container\" data-e-type=\"container\">\n\t\t\t\t<div class=\"elementor-element elementor-element-2132e9b elementor-widget elementor-widget-text-editor\" data-id=\"2132e9b\" data-element_type=\"widget\" data-e-type=\"widget\" data-widget_type=\"text-editor.default\">\n\t\t\t\t\t\t\t\t\t<p>Tilava ja korkea asennushallimme mahdollistaa suurtenkin matkailuautojen hyrdaulitukijalkojen ja muiden lis\u00e4varusteiden asennukset. Kaksi uutta, modernia&nbsp; nosturia mahdollistaa kahden matkailuauton samanaikaiset asennuksen.<\/p>\n<p>Nosturien koko ja suuri nostokapasiteetti riitt\u00e4\u00e4 hyvin my\u00f6s raskaalle kalustolle, joten tarvittaessa pystymme asentamaan hydraulitukijalat ja muut lis\u00e4varusteet my\u00f6s suuriin liner -luokan matkailuautoihin.<\/p>\t\t\t\t\t\t\t\t<\/div>\n\t\t\t\t<\/div>\n\t\t<div class=\"elementor-element elementor-element-2108043 e-con-full e-flex e-con e-child\" data-id=\"2108043\" data-element_type=\"container\" data-e-type=\"container\">\n\t\t\t\t<div class=\"elementor-element elementor-element-5c2e957 elementor-widget elementor-widget-image\" data-id=\"5c2e957\" data-element_type=\"widget\" data-e-type=\"widget\" data-widget_type=\"image.default\">\n\t\t\t\t\t\t\t\t\t\t\t\t\t\t\t<img loading=\"lazy\" decoding=\"async\" width=\"1024\" height=\"577\" src=\"https:\/\/hydraulitukijalat.fi\/wp-content\/uploads\/2026\/03\/Hymerit-nostureilla-1-1024x577.jpg\" class=\"attachment-large size-large wp-image-1563\" alt=\"\" srcset=\"https:\/\/hydraulitukijalat.fi\/wp-content\/uploads\/2026\/03\/Hymerit-nostureilla-1-1024x577.jpg 1024w, https:\/\/hydraulitukijalat.fi\/wp-content\/uploads\/2026\/03\/Hymerit-nostureilla-1-300x169.jpg 300w, https:\/\/hydraulitukijalat.fi\/wp-content\/uploads\/2026\/03\/Hymerit-nostureilla-1-768x432.jpg 768w, https:\/\/hydraulitukijalat.fi\/wp-content\/uploads\/2026\/03\/Hymerit-nostureilla-1-1536x865.jpg 1536w, https:\/\/hydraulitukijalat.fi\/wp-content\/uploads\/2026\/03\/Hymerit-nostureilla-1.jpg 1600w\" sizes=\"(max-width: 1024px) 100vw, 1024px\" \/>\t\t\t\t\t\t\t\t\t\t\t\t\t\t\t<\/div>\n\t\t\t\t<\/div>\n\t\t\t\t\t<\/div>\n\t\t\t\t<\/div>\n\t\t<div class=\"elementor-element elementor-element-21a2500 e-flex e-con-boxed e-con e-parent\" data-id=\"21a2500\" data-element_type=\"container\" data-e-type=\"container\">\n\t\t\t\t\t<div class=\"e-con-inner\">\n\t\t\t\t<div class=\"elementor-element elementor-element-c00b695 elementor-widget elementor-widget-heading\" data-id=\"c00b695\" data-element_type=\"widget\" data-e-type=\"widget\" data-widget_type=\"heading.default\">\n\t\t\t\t\t<h3 class=\"elementor-heading-title elementor-size-default\">Katso esittelyvideo<\/h3>\t\t\t\t<\/div>\n\t\t\t\t\t<\/div>\n\t\t\t\t<\/div>\n\t\t<div class=\"elementor-element elementor-element-e726986 e-flex e-con-boxed e-con e-parent\" data-id=\"e726986\" data-element_type=\"container\" data-e-type=\"container\">\n\t\t\t\t\t<div class=\"e-con-inner\">\n\t\t\t\t<div class=\"elementor-element elementor-element-5c63241 elementor-widget elementor-widget-video\" data-id=\"5c63241\" data-element_type=\"widget\" data-e-type=\"widget\" data-settings=\"{&quot;youtube_url&quot;:&quot;https:\\\/\\\/youtu.be\\\/aL7NFhw8Vs8?si=fBHT_hk37KQoolRo&quot;,&quot;video_type&quot;:&quot;youtube&quot;,&quot;controls&quot;:&quot;yes&quot;}\" data-widget_type=\"video.default\">\n\t\t\t\t\t\t\t<div class=\"elementor-wrapper elementor-open-inline\">\n\t\t\t<div class=\"elementor-video\"><\/div>\t\t<\/div>\n\t\t\t\t\t\t<\/div>\n\t\t\t\t\t<\/div>\n\t\t\t\t<\/div>\n\t\t<div class=\"elementor-element elementor-element-f3f7a08 e-con-full e-flex e-con e-parent\" data-id=\"f3f7a08\" data-element_type=\"container\" data-e-type=\"container\" data-settings=\"{&quot;background_background&quot;:&quot;classic&quot;}\">\n\t\t\t\t<\/div>\n\t\t\t\t<\/div>\n\t\t","protected":false},"excerpt":{"rendered":"<p>Raul Fall Myynti ja Markkinointi + 358 44 971 9719 raul@fiellberg.fi Matkaparkki ja asiakastilat Asiakkaillamme on mahdollisuus y\u00f6py\u00e4 omassa autossa pihallamme olevassa, s\u00e4hk\u00f6ill\u00e4 varustetussa matkaparkissa vuorokautta ennen, asennusp\u00e4ivien v\u00e4lisen\u00e4 y\u00f6n\u00e4, sek\u00e4 tarvittaessa asennuksen j\u00e4lkeisen\u00e4 y\u00f6n\u00e4. Toimitiloissamme on viihtyis\u00e4t asiakastilat, jossa asiakkaanamme voit viett\u00e4\u00e4 aikaa ja tehd\u00e4 vaikka et\u00e4t\u00f6it\u00e4 hydraulisten tukijalkojen asennuksen ajan. Asiakastilat sis\u00e4lt\u00e4v\u00e4t my\u00f6s [&hellip;]<\/p>\n","protected":false},"author":2,"featured_media":0,"parent":0,"menu_order":0,"comment_status":"closed","ping_status":"closed","template":"","meta":{"iawp_total_views":740,"footnotes":""},"class_list":["post-285","page","type-page","status-publish","hentry"],"blocksy_meta":{"page_title_panel":"","has_hero_section":"disabled","bc159c5af2a03de5c75561ba297140d8":"","hero_section":"type-1","hero_elements":[{"id":"custom_title","enabled":true,"heading_tag":"h1","title":"Home"},{"id":"custom_description","enabled":true,"description_visibility":{"desktop":true,"tablet":true,"mobile":false}},{"id":"custom_meta","enabled":false,"meta_elements":[{"id":"author","enabled":true,"label":"By","has_author_avatar":"yes","avatar_size":25},{"id":"post_date","enabled":true,"label":"On","date_format_source":"default","date_format":"M j, Y"},{"id":"comments","enabled":true}],"page_meta_elements":{"joined":true,"articles_count":true,"comments":true}},{"id":"breadcrumbs","enabled":false}],"df3eb590217e0ce26e832da2c07e7ca6":"","hero_alignment1":"left","hero_alignment2":"center","hero_vertical_alignment":"center","19d24a625abe62e6d16b259439e9cba0":"","hero_structure":"narrow","a3dd00aea12a8c52bdc0775015a386ce":"","page_title_bg_type":"featured_image","custom_hero_background":{"attachment_id":null},"parallax":{"desktop":false,"tablet":false,"mobile":false},"007fc1b0d7d7ea0d9823538a36652bf9":"","hero_height":"250px","pageTitleFont":{"family":"Default","variation":"Default","size":{"desktop":"32px","tablet":"30px","mobile":"25px"},"line-height":"CT_CSS_SKIP_RULE","letter-spacing":"CT_CSS_SKIP_RULE","text-transform":"CT_CSS_SKIP_RULE","text-decoration":"CT_CSS_SKIP_RULE"},"pageTitleFontColor":{"default":{"color":"CT_CSS_SKIP_RULEDEFAULT"}},"pageMetaFont":{"family":"Default","variation":"n6","size":"12px","line-height":"1.3","letter-spacing":"CT_CSS_SKIP_RULE","text-transform":"uppercase","text-decoration":"CT_CSS_SKIP_RULE"},"pageMetaFontColor":{"default":{"color":"CT_CSS_SKIP_RULEDEFAULT"},"hover":{"color":"CT_CSS_SKIP_RULEDEFAULT"}},"pageExcerptFont":{"family":"Default","variation":"Default","size":"CT_CSS_SKIP_RULE","line-height":"CT_CSS_SKIP_RULE","letter-spacing":"CT_CSS_SKIP_RULE","text-transform":"CT_CSS_SKIP_RULE","text-decoration":"CT_CSS_SKIP_RULE"},"pageExcerptColor":{"default":{"color":"CT_CSS_SKIP_RULEDEFAULT"}},"breadcrumbsFont":{"family":"Default","variation":"n6","size":"12px","line-height":"CT_CSS_SKIP_RULE","letter-spacing":"CT_CSS_SKIP_RULE","text-transform":"uppercase","text-decoration":"CT_CSS_SKIP_RULE"},"breadcrumbsFontColor":{"default":{"color":"CT_CSS_SKIP_RULEDEFAULT"},"initial":{"color":"CT_CSS_SKIP_RULEDEFAULT"},"hover":{"color":"CT_CSS_SKIP_RULEDEFAULT"}},"pageTitleOverlay":{"default":{"color":"rgba(41, 51, 60, 0.2)"}},"pageTitleBackground":{"background_type":"color","background_pattern":"type-1","background_image":{"attachment_id":null,"x":0,"y":0},"background_repeat":"no-repeat","background_size":"auto","background_attachment":"scroll","patternColor":{"default":{"color":"#e5e7ea"}},"backgroundColor":{"default":{"color":"#EDEFF2"}}},"806cf646dc975203c3ef573b498d2a6c":"","page_structure_type":"default","content_style":"inherit","vertical_spacing_source":"custom","content_area_spacing":"none","background":{"background_type":"color","background_pattern":"type-1","background_image":{"attachment_id":null,"x":0,"y":0},"background_repeat":"no-repeat","background_size":"auto","background_attachment":"scroll","patternColor":{"default":{"color":"#e5e7ea"}},"backgroundColor":{"default":{"color":"CT_CSS_SKIP_RULE"}}},"content_background":{"background_type":"color","background_pattern":"type-1","background_image":{"attachment_id":null,"x":0,"y":0},"background_repeat":"no-repeat","background_size":"auto","background_attachment":"scroll","patternColor":{"default":{"color":"#e5e7ea"}},"backgroundColor":{"default":{"color":"#ffffff"}}},"content_boxed_spacing":{"desktop":"40px","tablet":"35px","mobile":"20px"},"content_boxed_radius":{"top":"3px","bottom":"3px","left":"3px","right":"3px","linked":true},"content_boxed_shadow":{"blur":18,"spread":-6,"v_offset":12,"h_offset":0,"inset":false,"enable":true,"color":{"color":"rgba(34, 56, 101, 0.04)"}},"19c6ff9349ac0932d7247f0e755658ea":"","disable_featured_image":"no","disable_header":"no","disable_footer":"no","styles_descriptor":{"styles":{"desktop":"","tablet":"","mobile":""},"google_fonts":[]}},"_links":{"self":[{"href":"https:\/\/hydraulitukijalat.fi\/index.php\/wp-json\/wp\/v2\/pages\/285","targetHints":{"allow":["GET"]}}],"collection":[{"href":"https:\/\/hydraulitukijalat.fi\/index.php\/wp-json\/wp\/v2\/pages"}],"about":[{"href":"https:\/\/hydraulitukijalat.fi\/index.php\/wp-json\/wp\/v2\/types\/page"}],"author":[{"embeddable":true,"href":"https:\/\/hydraulitukijalat.fi\/index.php\/wp-json\/wp\/v2\/users\/2"}],"replies":[{"embeddable":true,"href":"https:\/\/hydraulitukijalat.fi\/index.php\/wp-json\/wp\/v2\/comments?post=285"}],"version-history":[{"count":40,"href":"https:\/\/hydraulitukijalat.fi\/index.php\/wp-json\/wp\/v2\/pages\/285\/revisions"}],"predecessor-version":[{"id":1576,"href":"https:\/\/hydraulitukijalat.fi\/index.php\/wp-json\/wp\/v2\/pages\/285\/revisions\/1576"}],"wp:attachment":[{"href":"https:\/\/hydraulitukijalat.fi\/index.php\/wp-json\/wp\/v2\/media?parent=285"}],"curies":[{"name":"wp","href":"https:\/\/api.w.org\/{rel}","templated":true}]}}